{"id":148,"date":"2017-07-09T14:12:44","date_gmt":"2017-07-09T12:12:44","guid":{"rendered":"https:\/\/www.skiclub-neunkirchen.de\/?page_id=148"},"modified":"2023-12-06T09:59:05","modified_gmt":"2023-12-06T08:59:05","slug":"dsv-skischule-2","status":"publish","type":"page","link":"https:\/\/www.skiclub-neunkirchen.de\/?page_id=148","title":{"rendered":"DSV-Skischule"},"content":{"rendered":"<p><span style=\"font-family: verdana, geneva, sans-serif; font-size: 12pt; color: #800080;\"><em><strong>Herzlich Willkommen bei der Skischule im 1.SC Neunkirchen am Brand<\/strong><\/em><\/span><\/p>\n<p><span style=\"font-family: verdana,geneva,sans-serif; font-size: 12pt;\">Wir sind stolz, eine der gr\u00f6\u00dften und \u00e4ltesten DSV-Skischulen Frankens zu sein. Mit \u00a0unseren \u00fcber 35 Ski- und Snowboard-Lehrern sind wir nicht nur f\u00fcr die W\u00fcnsche der Erwachsenen zust\u00e4ndig, sondern auch im Kinder- und Jugendbereich sehr aktiv und erfolgreich. Jeden Winter freuen wir uns wieder \u00fcber 300 Kinder und Jugendliche im Verein zu haben und bei den unterschiedlichsten Fahrten des 1.SCN`s zu betreuen und zu unterrichten. Auf die Qualifizierung unserer \u00dcbungsleiter legen wir gro\u00dfen Wert. Regelm\u00e4\u00dfige Fortbildungen und ein guter Teamgeist werden bei uns gro\u00dfgeschrieben. Einige unserer \u00dcbungsleiter sind zus\u00e4tzlich auch im SVF und \u00a0im bayrischen Lehrteam t\u00e4tig und werden regelm\u00e4\u00dfig f\u00fcr die Ausbildung neuer Ski- und Snowboardlehrer angefordert. Wir w\u00fcrden uns sehr freuen, Euch bei einer der n\u00e4chsten Fahrten des 1.SCN\u00b4s zu sehen \ud83d\ude42<\/span><\/p>\n<p><span style=\"font-family: verdana,geneva,sans-serif; font-size: 12pt;\">Alle, die Interesse haben unser Team zu unterst\u00fctzen und eine Ausbildung zum Ski- oder Snowboardlehrer zu machen, sind herzlich willkommen!<\/span><br \/>\n<span style=\"color: #ff0000; font-family: verdana,geneva,sans-serif; font-size: 12pt;\"><span style=\"color: #000000;\"> Bitte kontaktiert uns unter<\/span> <a href=\"mailto:skischule@skiclub-neunkirchen.de\">skischule@skiclub-neunkirchen.de<\/a> <span style=\"color: #000000;\">bei Fragen, W\u00fcnschen und Anregungen!<\/span><\/span><\/p>\n<p><span style=\"font-family: verdana, geneva, sans-serif;\"><span style=\"color: #000000;\">Fragen zu Fahrten? Dann schreibt uns an<\/span> <a href=\"mailto:fahrten@skiclub-neunkirchen.de\">fahrten@skiclub-neunkirchen.de<\/a><\/span><\/p>\n<p><span style=\"font-family: verdana,geneva,sans-serif; font-size: 12pt;\"> <img loading=\"lazy\" decoding=\"async\" class=\"alignnone wp-image-847\" src=\"https:\/\/www.skiclub-neunkirchen.de\/wp-content\/uploads\/2020\/08\/SCN-Team-Stubai-300x225.jpg\" alt=\"\" width=\"641\" height=\"481\" srcset=\"https:\/\/www.skiclub-neunkirchen.de\/wp-content\/uploads\/2020\/08\/SCN-Team-Stubai-300x225.jpg 300w, https:\/\/www.skiclub-neunkirchen.de\/wp-content\/uploads\/2020\/08\/SCN-Team-Stubai-1024x768.jpg 1024w, https:\/\/www.skiclub-neunkirchen.de\/wp-content\/uploads\/2020\/08\/SCN-Team-Stubai-768x576.jpg 768w, https:\/\/www.skiclub-neunkirchen.de\/wp-content\/uploads\/2020\/08\/SCN-Team-Stubai-1536x1152.jpg 1536w, https:\/\/www.skiclub-neunkirchen.de\/wp-content\/uploads\/2020\/08\/SCN-Team-Stubai-350x263.jpg 350w, https:\/\/www.skiclub-neunkirchen.de\/wp-content\/uploads\/2020\/08\/SCN-Team-Stubai-780x586.jpg 780w, https:\/\/www.skiclub-neunkirchen.de\/wp-content\/uploads\/2020\/08\/SCN-Team-Stubai-250x188.jpg 250w, https:\/\/www.skiclub-neunkirchen.de\/wp-content\/uploads\/2020\/08\/SCN-Team-Stubai.jpg 1600w\" sizes=\"auto, (max-width: 641px) 100vw, 641px\" \/><\/span><\/p>\n<p>Name: Team<br \/>\nverantwortlich f\u00fcr gute Laune &amp; Motivation \ud83d\ude42 \ud83d\ude42 \ud83d\ude42<\/p>\n<hr \/>\n<p style=\"text-align: left;\"><img loading=\"lazy\" decoding=\"async\" class=\"alignnone size-medium wp-image-1316\" src=\"https:\/\/www.skiclub-neunkirchen.de\/wp-content\/uploads\/2023\/05\/Niklas-225x300.jpg\" alt=\"\" width=\"225\" height=\"300\" srcset=\"https:\/\/www.skiclub-neunkirchen.de\/wp-content\/uploads\/2023\/05\/Niklas-225x300.jpg 225w, https:\/\/www.skiclub-neunkirchen.de\/wp-content\/uploads\/2023\/05\/Niklas-768x1024.jpg 768w, https:\/\/www.skiclub-neunkirchen.de\/wp-content\/uploads\/2023\/05\/Niklas-1152x1536.jpg 1152w, https:\/\/www.skiclub-neunkirchen.de\/wp-content\/uploads\/2023\/05\/Niklas-1536x2048.jpg 1536w, https:\/\/www.skiclub-neunkirchen.de\/wp-content\/uploads\/2023\/05\/Niklas-scaled.jpg 1920w\" sizes=\"auto, (max-width: 225px) 100vw, 225px\" \/><br \/>\nName: Niklas Oeke<br \/>\nLeiter der DSV-Skischule<br \/>\nverantwortlich f\u00fcr Aus- und Weiterbildungen Ski Alpin<\/p>\n<hr \/>\n<p style=\"text-align: left;\"><img loading=\"lazy\" decoding=\"async\" class=\"alignnone size-medium wp-image-855\" src=\"https:\/\/www.skiclub-neunkirchen.de\/wp-content\/uploads\/2020\/08\/Schoettler-Simon-796x1024-1-233x300.jpg\" alt=\"\" width=\"233\" height=\"300\" srcset=\"https:\/\/www.skiclub-neunkirchen.de\/wp-content\/uploads\/2020\/08\/Schoettler-Simon-796x1024-1-233x300.jpg 233w, https:\/\/www.skiclub-neunkirchen.de\/wp-content\/uploads\/2020\/08\/Schoettler-Simon-796x1024-1-768x988.jpg 768w, https:\/\/www.skiclub-neunkirchen.de\/wp-content\/uploads\/2020\/08\/Schoettler-Simon-796x1024-1.jpg 796w\" sizes=\"auto, (max-width: 233px) 100vw, 233px\" \/><br \/>\nName: Simon Sch\u00f6ttler<br \/>\nStellv. Leiter der DSV-Skischule<br \/>\nverantwortlich f\u00fcr Aus- und Weiterbildung Snowboard<\/p>\n","protected":false},"excerpt":{"rendered":"<p>Herzlich Willkommen bei der Skischule im 1.SC Neunkirchen am Brand Wir sind stolz, eine der gr\u00f6\u00dften und \u00e4ltesten DSV-Skischulen Frankens zu sein. Mit \u00a0unseren \u00fcber 35 Ski- und Snowboard-Lehrern sind <a class=\"more-link\" href=\"https:\/\/www.skiclub-neunkirchen.de\/?page_id=148\">weiterlesen&#8230;<\/a><\/p>\n","protected":false},"author":1,"featured_media":0,"parent":0,"menu_order":2,"comment_status":"closed","ping_status":"closed","template":"","meta":{"footnotes":""},"class_list":["post-148","page","type-page","status-publish","hentry"],"_links":{"self":[{"href":"https:\/\/www.skiclub-neunkirchen.de\/index.php?rest_route=\/wp\/v2\/pages\/148","targetHints":{"allow":["GET"]}}],"collection":[{"href":"https:\/\/www.skiclub-neunkirchen.de\/index.php?rest_route=\/wp\/v2\/pages"}],"about":[{"href":"https:\/\/www.skiclub-neunkirchen.de\/index.php?rest_route=\/wp\/v2\/types\/page"}],"author":[{"embeddable":true,"href":"https:\/\/www.skiclub-neunkirchen.de\/index.php?rest_route=\/wp\/v2\/users\/1"}],"replies":[{"embeddable":true,"href":"https:\/\/www.skiclub-neunkirchen.de\/index.php?rest_route=%2Fwp%2Fv2%2Fcomments&post=148"}],"version-history":[{"count":35,"href":"https:\/\/www.skiclub-neunkirchen.de\/index.php?rest_route=\/wp\/v2\/pages\/148\/revisions"}],"predecessor-version":[{"id":1344,"href":"https:\/\/www.skiclub-neunkirchen.de\/index.php?rest_route=\/wp\/v2\/pages\/148\/revisions\/1344"}],"wp:attachment":[{"href":"https:\/\/www.skiclub-neunkirchen.de\/index.php?rest_route=%2Fwp%2Fv2%2Fmedia&parent=148"}],"curies":[{"name":"wp","href":"https:\/\/api.w.org\/{rel}","templated":true}]}}