{"id":913,"date":"2020-11-10T17:34:50","date_gmt":"2020-11-10T16:34:50","guid":{"rendered":"https:\/\/www.skiclub-neunkirchen.de\/?page_id=913"},"modified":"2023-05-28T12:18:36","modified_gmt":"2023-05-28T10:18:36","slug":"agb","status":"publish","type":"page","link":"https:\/\/www.skiclub-neunkirchen.de\/?page_id=913","title":{"rendered":"AGB"},"content":{"rendered":"<p><span style=\"font-family: verdana, geneva, sans-serif;\"><strong>Allgemeine Gesch\u00e4ftsbedingungen f\u00fcr die Teilnahme an den Fahrten, Skikursen und<\/strong> <strong>Sportangeboten des 1.Skiclub Neunkirchen a. Br. e.V. und der zugeh\u00f6rigen DSV-Skischule<\/strong><\/span><\/p>\n<p><span style=\"font-family: verdana, geneva, sans-serif;\">1) Voraussetzung f\u00fcr die Teilnahme an einem Skikurs oder sonstigem Sportangebot ist die <strong>Mitgliedschaft <\/strong>im 1.Skiclub Neunkirchen a. Br. e.V.<\/span><\/p>\n<p><span style=\"font-family: verdana, geneva, sans-serif;\">F\u00fcr Nichtmitglieder besteht kein Versicherungsschutz.<\/span><\/p>\n<p><span style=\"font-family: verdana, geneva, sans-serif;\">2)\u00a0<strong>Anmeldungen sind verbindlich.<\/strong><\/span><\/p>\n<p><span style=\"font-family: verdana, geneva, sans-serif;\">3)\u00a0<strong>Mit der Anmeldung wird eine Anzahlung in H\u00f6he von 50,00 Euro bei Wochenendfahrten und 100,00 Euro bei l\u00e4nger dauernden Fahrten f\u00e4llig<\/strong>\u00a0und von dem genannten Konto abgebucht.\u00a0<strong>Der Restbetrag wird etwa 10 Tage vor Fahrtbeginn<\/strong>\u00a0abgebucht.<\/span><\/p>\n<p><span style=\"font-family: verdana, geneva, sans-serif;\">Sollte eine Abbuchung aus einem von dem Teilnehmer zu vertretenden Umstand nicht m\u00f6glich sein (z.B. durch fehlerhafte Angaben), so k\u00f6nnen die dadurch entstandenen Kosten in Rechnung gestellt werden.<\/span><\/p>\n<p><span style=\"font-family: verdana, geneva, sans-serif;\">4) Bei einer\u00a0<strong>Stornierung durch den Teilnehmer<\/strong>\u00a0muss dieser die Kosten tragen, die dem Verein \u00fcber die Anzahlung des Teilnehmers hinaus entstanden sind.\u00a0<strong>Die Anzahlung wird in jedem<\/strong> <strong>Fall einbehalten.<\/strong><\/span><\/p>\n<p><span style=\"font-family: verdana, geneva, sans-serif;\">5)\u00a0<strong>Die Fahrt kann in seltenen F\u00e4llen abgesagt werden.<\/strong>\u00a0Gr\u00fcnde hierf\u00fcr k\u00f6nnen beispielsweise eine zu geringe Teilnehmerzahl oder Schneemangel sein. Muss eine Fahrt aus Gr\u00fcnden, die der Teilnehmer nicht zu vertreten hat, abgesagt werden, werden die an den Verein bereits geleisteten Zahlungen (z. B. die Anzahlung) auf das ihm bekannte Konto zur\u00fcckerstattet.<\/span><\/p>\n<p><span style=\"font-family: verdana, geneva, sans-serif;\">6) Der Verein ist verpflichtet, f\u00fcr jeden Teilnehmer eine <strong>Reiseinsolvenzversicherung<\/strong>\u00a0abzuschlie\u00dfen, damit der Reisepreis im Falle einer Vereinsinsolvenz von der Versicherung erstattet werden kann.<\/span><\/p>\n<p><span style=\"font-family: verdana, geneva, sans-serif;\">F\u00fcr diesen Zweck wird der\u00a0<strong>Name des Teilnehmers an die Versicherung <\/strong>\u00fcbermittelt.<\/span><\/p>\n<p><span style=\"font-family: verdana, geneva, sans-serif;\">7)\u00a0<strong>Der alpine Schneesport ist mit Risiken verbunden<\/strong>. Der Teilnehmer hat f\u00fcr den notwendigen Versicherungsschutz zu sorgen<\/span><\/p>\n<p><span style=\"font-family: verdana, geneva, sans-serif;\">(z. B. Haftpflichtversicherung, Auslandskrankenversicherung etc.).<\/span><\/p>\n<p><span style=\"font-family: verdana, geneva, sans-serif;\">8) Die Teilnahme an unseren Fahrten ist nur mit der\u00a0<strong>notwendigen Schutzkleidung<\/strong>\u00a0sowie einer\u00a0<strong>g\u00fcltigen Vereinsmitgliedschaft<\/strong>\u00a0m\u00f6glich. Das\u00a0<strong>Tragen eines Helmes<\/strong>\u00a0wird empfohlen bzw. kann<\/span><br \/>\n<span style=\"font-family: verdana, geneva, sans-serif;\">in Abh\u00e4ngigkeit von den Bestimmungen am Fahrtziel gesetzlich verpflichtend vorgeschrieben sein. Der Teilnehmer verpflichtet sich entsprechend zu informieren und nach den Vorgaben zu handeln.<\/span><\/p>\n<p><span style=\"font-family: verdana, geneva, sans-serif;\"><strong>Das Tragen eines Helmes f\u00fcr Kinder und Jugendliche bis zur Vollendung des 18.Lebensjahres ist bei allen Skikursen grunds\u00e4tzlich verpflichtend<\/strong>.<\/span><\/p>\n<p><span style=\"font-family: verdana, geneva, sans-serif;\">Weitere Ma\u00dfnahmen werden empfohlen, bzw. k\u00f6nnen angeordnet werden (z. B. R\u00fcckenprotektor im Park). Der Teilnehmer, bei minderj\u00e4hrigen Teilnehmern dessen Erziehungsberechtigte, haben eigenverantwortlich daf\u00fcr Sorge zu tragen, dass die\u00a0<strong>Sportausr\u00fcstung<\/strong>\u00a0des Teilnehmers den\u00a0<strong>aktuellen Sicherheitsanforderungen entspricht<\/strong>. Die \u00dcberpr\u00fcfung der Ausr\u00fcstung sollte ausschlie\u00dflich von einem Fachgesch\u00e4ft durchgef\u00fchrt worden sein. Der 1.Skiclub Neunkirchen ist nicht verpflichtet, die Ausr\u00fcstung der Teilnehmer zu \u00fcberpr\u00fcfen. Stellen sich gravierende<\/span><br \/>\n<span style=\"font-family: verdana, geneva, sans-serif;\">M\u00e4ngel an der Ausr\u00fcstung eines Teilnehmers heraus, ist der Verein berechtigt, den Teilnehmer von der weiteren Teilnahme am Skikurs auszuschlie\u00dfen.<\/span><\/p>\n<p><span style=\"font-family: verdana, geneva, sans-serif;\">9) Der Teilnehmer sollte \u00fcber die n\u00f6tigen\u00a0<strong>k\u00f6rperlichen und geistigen Voraussetzungen<\/strong>\u00a0verf\u00fcgen, um an der Fahrt teilzunehmen.\u00a0<strong>Alle aktuell bekannten Einschr\u00e4nkungen<\/strong>\u00a0(z. B. Allergien, Unvertr\u00e4glichkeiten oder notwendige Medikation) sind\u00a0<strong>dem Verein mit der Anmeldung \u00fcber die Eingabe bei \u201eWeitere Informationen\u201c im Feld \u201eBemerkungen\u201c\u00a0<\/strong>mitzuteilen. Bis zum Fahrtantritt auftretende Einschr\u00e4nkungen sind dem Verein unverz\u00fcglich mitzuteilen. Der Verein beh\u00e4lt sich das Recht vor, die Teilnahme notfalls zu versagen.<\/span><\/p>\n<p><span style=\"font-family: verdana, geneva, sans-serif;\">10) Bei\u00a0<strong>Kinder- und Jugendskilagern<\/strong>\u00a0m\u00fcssen die unterschriebenen Erkl\u00e4rungen \u201eVerhaltensregeln\u201c und \u201eZustand der Sportger\u00e4te\u201c sp\u00e4testens mit Fahrtantritt dem Betreuerteam ausgeh\u00e4ndigt werden.<\/span><\/p>\n<p><span style=\"font-family: verdana, geneva, sans-serif;\">11) Jeder Teilnehmer ist f\u00fcr den einwandfreien Zustand der eigenen Ausr\u00fcstung selbst verantwortlich. Der Verein kann f\u00fcr keine Sch\u00e4den haftbar gemacht werden, die durch Missachtung dieser Sorgfaltspflicht verursacht werden.<\/span><\/p>\n<p><span style=\"font-family: verdana, geneva, sans-serif;\"><br \/>\nNeunkirchen, 12. Mai 2023<\/span><\/p>\n<p>&nbsp;<\/p>\n","protected":false},"excerpt":{"rendered":"<p>Allgemeine Gesch\u00e4ftsbedingungen f\u00fcr die Teilnahme an den Fahrten, Skikursen und Sportangeboten des 1.Skiclub Neunkirchen a. Br. e.V. und der zugeh\u00f6rigen DSV-Skischule 1) Voraussetzung f\u00fcr die Teilnahme an einem Skikurs oder <a class=\"more-link\" href=\"https:\/\/www.skiclub-neunkirchen.de\/?page_id=913\">weiterlesen&#8230;<\/a><\/p>\n","protected":false},"author":1,"featured_media":0,"parent":0,"menu_order":0,"comment_status":"closed","ping_status":"closed","template":"","meta":{"footnotes":""},"class_list":["post-913","page","type-page","status-publish","hentry"],"_links":{"self":[{"href":"https:\/\/www.skiclub-neunkirchen.de\/index.php?rest_route=\/wp\/v2\/pages\/913","targetHints":{"allow":["GET"]}}],"collection":[{"href":"https:\/\/www.skiclub-neunkirchen.de\/index.php?rest_route=\/wp\/v2\/pages"}],"about":[{"href":"https:\/\/www.skiclub-neunkirchen.de\/index.php?rest_route=\/wp\/v2\/types\/page"}],"author":[{"embeddable":true,"href":"https:\/\/www.skiclub-neunkirchen.de\/index.php?rest_route=\/wp\/v2\/users\/1"}],"replies":[{"embeddable":true,"href":"https:\/\/www.skiclub-neunkirchen.de\/index.php?rest_route=%2Fwp%2Fv2%2Fcomments&post=913"}],"version-history":[{"count":11,"href":"https:\/\/www.skiclub-neunkirchen.de\/index.php?rest_route=\/wp\/v2\/pages\/913\/revisions"}],"predecessor-version":[{"id":1328,"href":"https:\/\/www.skiclub-neunkirchen.de\/index.php?rest_route=\/wp\/v2\/pages\/913\/revisions\/1328"}],"wp:attachment":[{"href":"https:\/\/www.skiclub-neunkirchen.de\/index.php?rest_route=%2Fwp%2Fv2%2Fmedia&parent=913"}],"curies":[{"name":"wp","href":"https:\/\/api.w.org\/{rel}","templated":true}]}}